{"id":80045,"date":"2022-09-13T12:47:33","date_gmt":"2022-09-13T12:47:33","guid":{"rendered":"http:\/\/fascialtrainingschool.com\/?post_type=product&#038;p=80045"},"modified":"2023-04-26T12:42:36","modified_gmt":"2023-04-26T12:42:36","slug":"25-26-mars-2023-neuro-fascia-special-event","status":"publish","type":"product","link":"https:\/\/fascialtrainingschool.com\/en\/courses\/free-fascial-real-emotion-en\/25-26-mars-2023-neuro-fascia-special-event\/","title":{"rendered":"25-26 Mars 2023 Neuro Fascia Special Event"},"content":{"rendered":"<div class=\"vc_separator wpb_content_element vc_separator_align_center vc_sep_width_100 vc_sep_border_width_2 vc_sep_pos_align_center vc_separator_no_text vc_sep_color_black\"><strong>JOUR 1 \u2013 25 MARS 2023<\/strong><\/div>\n<div class=\"wpb_text_column wpb_content_element \">\n<div class=\"wpb_wrapper\">\n<hr \/>\n<h3><strong>WORKSHOP NEURO TRAINING<br \/>\n9h-16h30<\/strong><\/h3>\n<p><strong>Workshop \u00e0 ne pas manquer et pr\u00e9sent\u00e9 par Ester Albini<\/strong><strong> Cr\u00e9atrice du programme F.RE.E Real Emotion- possibilit\u00e9 de le suivre ONLINE LIVE ou en pr\u00e9sentiel \u00e0 Versoix<\/strong><\/p>\n<p>Auteure\u00a0de nombreux ouvrages autour de la m\u00e9thode Pilates<br \/>\nForm\u00e9e par Anatomy train, son parcours polyvalent et sa longue exp\u00e9rience de l\u2019entrainement fonctionnel l\u2019ont incit\u00e9e \u00e0 d\u00e9velopper ce concept innovant et dont la r\u00e9putation d\u00e9passe les fronti\u00e8res\u00a0!<\/p>\n<p><strong>Public cibl\u00e9\u00a0: <\/strong>instructeurs Pilates, coach sportifs, physioth\u00e9rapeutes, th\u00e9rapeutes manuels, enseignants Fitness, enseignants LES MILLS, toute personne int\u00e9ress\u00e9e par le corps, le mouvement et le fascia.<\/p>\n<p><strong>Objectifs<\/strong><br \/>\nVous apprendrez les bases de la m\u00e9thode neuronale et commencerez \u00e0 travailler sur l\u2019activation intelligente du mouvement ouvert \u00e0 tous.<\/p>\n<ul>\n<li><strong>Th\u00e9orie<\/strong><br \/>\nLe syst\u00e8me Neuro Myofascial et la connaissance des Lignes Myofasciales.<br \/>\nNouvelle conscience et organisation du mouvement<\/li>\n<li><strong>Pratique<\/strong><br \/>\nTest de comparaison de force : avant et apr\u00e8s un exercice de respiration et de vision<br \/>\nTechnique pour am\u00e9liorer la force : Grips \u2013 Membres sup\u00e9rieurs \u00ab\u00a0Lignes de bras\u00a0\u00bb : kettlebell, barbell, TRX\u2026<br \/>\nTechniques de distribution de la force et d\u2019activation des lignes myofasciales<br \/>\ndes membres inf\u00e9rieurs.<br \/>\nFacilitation de l\u2019apprentissage par l\u2019enseignement verbal (Interoception ou ext\u00e9roception)<br \/>\nStructure, optimisation et programmation de s\u00e9ances<\/li>\n<\/ul>\n<p><strong>Dur\u00e9e\u00a0:<\/strong> 9h-12h &amp; 13h-16h30<br \/>\n<strong>Langue :<\/strong> Fran\u00e7ais\/Italien<\/p>\n<h3><strong>MASTERCLASS FREE FUSION<br \/>\n16h30-17h20<\/strong><\/h3>\n<p><em>Enfilez votre costume de super-h\u00e9ros, augmentez votre force et votre souplesse, d\u00e9passez ce que vous pensez \u00eatre vos limites.\u00a0\u00bb<\/em><\/p>\n<p><strong>Objectifs<\/strong><br \/>\nMouvements s\u00e9lectionn\u00e9s \u00e0 partir des 5 Strat\u00e9gies (Feel it, Mobility, Stretch, Energie &amp; Release) du programme FREE, travaill\u00e9s en s\u00e9quences fluides, dans un crescendo d\u2019harmonie, d\u2019\u00e9l\u00e9gance et de force rendant le corps flexible, r\u00e9silient et fort.<br \/>\nLes progressions des exercices, de facile \u00e0 difficile, sont adaptables \u00e0 tous les niveaux<br \/>\nId\u00e9al pour vos cours de personal training, de Functional training, de Pilates ou de Yoga. Excellente strat\u00e9gie en pr\u00e9vention des blessures et pour am\u00e9liorer les performances sportives et athl\u00e9tiques.<\/p>\n<\/div>\n<\/div>\n<div class=\"wpb_text_column wpb_content_element \">\n<div class=\"wpb_wrapper\">\n<h3><strong>JOUR 2 <\/strong><strong>\u00a0\u2013 26 MARS 2023<\/strong><\/h3>\n<hr \/>\n<h3><strong>WORKSHOP FREE WITHOUT CELLULITE \u2013 TREAT WITH YOUR FEET<\/strong><strong><br \/>\n9h-13h30<\/strong><\/h3>\n<p>Dans cet atelier, Ester exposera les points faibles de la cellulite, et en m\u00eame temps donnera des techniques d\u2019une mani\u00e8re absolument innovante. Elle utilisera des exercices sp\u00e9cifiques de l\u2019entra\u00eenement myofascial, neuronal et fonctionnel.<\/p>\n<ul>\n<li><strong>Th\u00e9orie\u00a0<\/strong><br \/>\nQu\u2019est-ce que la cellulite?<br \/>\nComment les structures fasciales sont-elles impliqu\u00e9es ?<br \/>\nLes effets hormonaux<br \/>\nComment cela peut-il aider le Syst\u00e8me Nerveux Central ?<br \/>\nPourquoi utiliser les exercices fasciaux, neuraux et fonctionnels et lesquels sont les mieux adapt\u00e9s.<br \/>\nPlanification: ce qu\u2019il faut faire et ne pas faire.<\/li>\n<\/ul>\n<ul>\n<li><strong>Pratique\u00a0<\/strong><br \/>\nHAMAZON &amp; F.Re.E. Entra\u00eenement Fascial R\u00e9el Emotionnel et Fonctionnel<\/li>\n<\/ul>\n<p><strong>Dur\u00e9e :<\/strong> 9h-13h30<br \/>\n<strong>Langue :<\/strong> Fran\u00e7ais\/ITALIEN<\/p>\n<h3><strong>WORKSHOP FREE CANAL CARPIEN<\/strong><strong>\u2013 26 MARS 2023<br \/>\n14h30-16h30<\/strong><\/h3>\n<p>Dans cet atelier, Ester vous fera pratiquer l\u2019ensemble des meilleurs exercices afin de diminuer le syndrome du canal carpien et am\u00e9liorer votre quotidien.<\/p>\n<ul>\n<li><strong>Th\u00e9orie\u00a0<\/strong><br \/>\nQu\u2019est-ce que le syndrome du canal carpien ?<\/li>\n<li><strong>Pratique<\/strong><br \/>\nExercices neuro-myofasciaux<br \/>\nExercices de mobilisation, \u00e9tirement fascial, auto-massage et bandes \u00e9lastiques<br \/>\nTest de contr\u00f4le <em>avant et apr\u00e8s<\/em><\/li>\n<\/ul>\n<p><strong>Dur\u00e9e :<\/strong> 14h30-16h30<br \/>\n<strong>Langue :<\/strong> Fran\u00e7ais\/ITALIEN<\/p>\n<h3><strong>MASTERCLASS STRETCH NEW AGE \u2013 26 MARS 2023<br \/>\n16h30-17h20<\/strong><\/h3>\n<p><em>Se sentir libre dans son corps \u00e0 tout moment de la journ\u00e9e, se sentir bien dans sa peau sans tension ni douleur.<\/em><\/p>\n<p><strong>Objectifs<\/strong><br \/>\nLes \u00e9tirements fasciaux, \u00e0 travers les exercices propos\u00e9s par Ester dans la strat\u00e9gie \u00ab\u00a0Stretch\u00a0\u00bb permettent au tissu fascial de s\u2019hydrater et aux muscles et organes internes et aux autres tissus envelopp\u00e9s par le fascia de glisser librement entre eux et d\u2019assurer la transmission des informations. Si cela ne se produit pas, nous sommes plus enclins \u00e0 nous blesser.<\/p>\n<hr \/>\n<h3><strong>TARIFS<\/strong><\/h3>\n<p><b>1 JOUR : CHF 280.-<br \/>\n2 JOURS : CHF 390.-<br \/>\n<\/b><\/p>\n<h4>Une question ? \u00a0isabelle <strong><a href=\"mailto:info@fitspro.com\">info@fitspro.com<\/a><br \/>\n<\/strong><\/h4>\n<div class=\"wpb_column vc_column_container vc_col-sm-9\">\n<div class=\"vc_column-inner\">\n<div class=\"wpb_wrapper\">\n<div class=\"wpb_text_column wpb_content_element vc_custom_1661164308414\">\n<div class=\"wpb_wrapper\">\n<p><strong>Ester Albini<br \/>\n<\/strong><strong>Cr\u00e9atrice de PILATES &amp; F.RE.E Academy<\/strong><\/p>\n<p>Auteure\u00a0de nombreux ouvrages autour de la m\u00e9thode Pilates, form\u00e9e par Anatomy train, Reebok, Bosu, elle est aussi Gyrotonic Teacher sp\u00e9cialis\u00e9e dans la formation posturale. Ses derni\u00e8res cr\u00e9ations sont F.R.E.E: Fascial Real Emotion, une m\u00e9thode d\u2019entra\u00eenement r\u00e9volutionnaire pour Miofasciale, Hamazon Functional Training Group et PILATES MIOFASCIALE.<br \/>\n<strong>Sa philosophie<br \/>\n<\/strong><em>\u00ab\u00a0Le mouvement c\u2019est la vie\u2026\u00a0\u00bb<\/em><\/p>\n<\/div>\n<\/div>\n<\/div>\n<\/div>\n<\/div>\n<h4><strong>\u00a0<\/strong><\/h4>\n<\/div>\n<\/div>\n","protected":false},"excerpt":{"rendered":"<p>25-26 Mars 2023 Neuro Fascia Special Event.<br \/>\n<strong>TARIFS<br \/>\n<\/strong>1 JOUR : CHF 280.-<br \/>\n2 JOURS : CHF 390.-<\/p>\n<p><strong>Pas en vente sur ce site, uniquement \u00e0 titre indicatif.<\/strong><br \/>\nPour information et pour l\u2019achat :<br \/>\n<strong>Isabelle <a href=\"mailto:info@fitspro.com\">info@fitspro.com<\/a><br \/>\n-&gt;&gt; <a href=\"https:\/\/bit.ly\/3qBB1FS\">https:\/\/bit.ly\/3qBB1FS<\/a><br \/>\n<\/strong><\/p>\n<p>&nbsp;<\/p>\n<p>&nbsp;<\/p>\n","protected":false},"featured_media":80048,"template":"","meta":[],"product_cat":[184],"product_tag":[],"acf":[],"yoast_head":"<!-- This site is optimized with the Yoast SEO plugin v19.10 - https:\/\/yoast.com\/wordpress\/plugins\/seo\/ -->\n<title>25-26 Mars 2023 Neuro Fascia Special Event - Fascial Training School<\/title>\n<meta name=\"description\" content=\"25-26 Mars 2023 Neuro Fascia Special Event\" \/>\n<meta name=\"robots\" content=\"index, follow, max-snippet:-1, max-image-preview:large, max-video-preview:-1\" \/>\n<link rel=\"canonical\" href=\"https:\/\/fascialtrainingschool.com\/en\/courses\/free-fascial-real-emotion-en\/25-26-mars-2023-neuro-fascia-special-event\/\" \/>\n<meta property=\"og:locale\" content=\"en_US\" \/>\n<meta property=\"og:type\" content=\"article\" \/>\n<meta property=\"og:title\" content=\"25-26 Mars 2023 Neuro Fascia Special Event - Fascial Training School\" \/>\n<meta property=\"og:description\" content=\"25-26 Mars 2023 Neuro Fascia Special Event\" \/>\n<meta property=\"og:url\" content=\"https:\/\/fascialtrainingschool.com\/en\/courses\/free-fascial-real-emotion-en\/25-26-mars-2023-neuro-fascia-special-event\/\" \/>\n<meta property=\"og:site_name\" content=\"Fascial Training School\" \/>\n<meta property=\"article:publisher\" content=\"https:\/\/www.facebook.com\/PilatesFREE\/\" \/>\n<meta property=\"article:modified_time\" content=\"2023-04-26T12:42:36+00:00\" \/>\n<meta property=\"og:image\" content=\"http:\/\/fascialtrainingschool.com\/wp-content\/uploads\/2022\/09\/Neuro-Fascia-special-event.png\" \/>\n\t<meta property=\"og:image:width\" content=\"510\" \/>\n\t<meta property=\"og:image:height\" content=\"287\" \/>\n\t<meta property=\"og:image:type\" content=\"image\/png\" \/>\n<meta name=\"twitter:card\" content=\"summary_large_image\" \/>\n<meta name=\"twitter:label1\" content=\"Est. reading time\" \/>\n\t<meta name=\"twitter:data1\" content=\"4 minutes\" \/>\n<script type=\"application\/ld+json\" class=\"yoast-schema-graph\">{\"@context\":\"https:\/\/schema.org\",\"@graph\":[{\"@type\":\"WebPage\",\"@id\":\"https:\/\/fascialtrainingschool.com\/en\/courses\/free-fascial-real-emotion-en\/25-26-mars-2023-neuro-fascia-special-event\/\",\"url\":\"https:\/\/fascialtrainingschool.com\/en\/courses\/free-fascial-real-emotion-en\/25-26-mars-2023-neuro-fascia-special-event\/\",\"name\":\"25-26 Mars 2023 Neuro Fascia Special Event - Fascial Training School\",\"isPartOf\":{\"@id\":\"https:\/\/fascialtrainingschool.com\/en\/#website\"},\"datePublished\":\"2022-09-13T12:47:33+00:00\",\"dateModified\":\"2023-04-26T12:42:36+00:00\",\"description\":\"25-26 Mars 2023 Neuro Fascia Special Event\",\"breadcrumb\":{\"@id\":\"https:\/\/fascialtrainingschool.com\/en\/courses\/free-fascial-real-emotion-en\/25-26-mars-2023-neuro-fascia-special-event\/#breadcrumb\"},\"inLanguage\":\"en-US\",\"potentialAction\":[{\"@type\":\"ReadAction\",\"target\":[\"https:\/\/fascialtrainingschool.com\/en\/courses\/free-fascial-real-emotion-en\/25-26-mars-2023-neuro-fascia-special-event\/\"]}]},{\"@type\":\"BreadcrumbList\",\"@id\":\"https:\/\/fascialtrainingschool.com\/en\/courses\/free-fascial-real-emotion-en\/25-26-mars-2023-neuro-fascia-special-event\/#breadcrumb\",\"itemListElement\":[{\"@type\":\"ListItem\",\"position\":1,\"name\":\"Home\",\"item\":\"https:\/\/fascialtrainingschool.com\/en\/\"},{\"@type\":\"ListItem\",\"position\":2,\"name\":\"Buy courses\",\"item\":\"https:\/\/fascialtrainingschool.com\/en\/shop-courses\/\"},{\"@type\":\"ListItem\",\"position\":3,\"name\":\"25-26 Mars 2023 Neuro Fascia Special Event\"}]},{\"@type\":\"WebSite\",\"@id\":\"https:\/\/fascialtrainingschool.com\/en\/#website\",\"url\":\"https:\/\/fascialtrainingschool.com\/en\/\",\"name\":\"Fascial Training School\",\"description\":\"Fascial Training School\",\"publisher\":{\"@id\":\"https:\/\/fascialtrainingschool.com\/en\/#organization\"},\"potentialAction\":[{\"@type\":\"SearchAction\",\"target\":{\"@type\":\"EntryPoint\",\"urlTemplate\":\"https:\/\/fascialtrainingschool.com\/en\/?s={search_term_string}\"},\"query-input\":\"required name=search_term_string\"}],\"inLanguage\":\"en-US\"},{\"@type\":\"Organization\",\"@id\":\"https:\/\/fascialtrainingschool.com\/en\/#organization\",\"name\":\"Fascial Training School\",\"url\":\"https:\/\/fascialtrainingschool.com\/en\/\",\"logo\":{\"@type\":\"ImageObject\",\"inLanguage\":\"en-US\",\"@id\":\"https:\/\/fascialtrainingschool.com\/en\/#\/schema\/logo\/image\/\",\"url\":\"http:\/\/fascialtrainingschool.com\/wp-content\/uploads\/2020\/07\/logo.png\",\"contentUrl\":\"http:\/\/fascialtrainingschool.com\/wp-content\/uploads\/2020\/07\/logo.png\",\"width\":670,\"height\":677,\"caption\":\"Fascial Training School\"},\"image\":{\"@id\":\"https:\/\/fascialtrainingschool.com\/en\/#\/schema\/logo\/image\/\"},\"sameAs\":[\"https:\/\/www.instagram.com\/esteralbini\/\",\"https:\/\/www.youtube.com\/user\/esteralbini\",\"https:\/\/www.facebook.com\/PilatesFREE\/\"]}]}<\/script>\n<!-- \/ Yoast SEO plugin. -->","yoast_head_json":{"title":"25-26 Mars 2023 Neuro Fascia Special Event - Fascial Training School","description":"25-26 Mars 2023 Neuro Fascia Special Event","robots":{"index":"index","follow":"follow","max-snippet":"max-snippet:-1","max-image-preview":"max-image-preview:large","max-video-preview":"max-video-preview:-1"},"canonical":"https:\/\/fascialtrainingschool.com\/en\/courses\/free-fascial-real-emotion-en\/25-26-mars-2023-neuro-fascia-special-event\/","og_locale":"en_US","og_type":"article","og_title":"25-26 Mars 2023 Neuro Fascia Special Event - Fascial Training School","og_description":"25-26 Mars 2023 Neuro Fascia Special Event","og_url":"https:\/\/fascialtrainingschool.com\/en\/courses\/free-fascial-real-emotion-en\/25-26-mars-2023-neuro-fascia-special-event\/","og_site_name":"Fascial Training School","article_publisher":"https:\/\/www.facebook.com\/PilatesFREE\/","article_modified_time":"2023-04-26T12:42:36+00:00","og_image":[{"width":510,"height":287,"url":"http:\/\/fascialtrainingschool.com\/wp-content\/uploads\/2022\/09\/Neuro-Fascia-special-event.png","type":"image\/png"}],"twitter_card":"summary_large_image","twitter_misc":{"Est. reading time":"4 minutes"},"schema":{"@context":"https:\/\/schema.org","@graph":[{"@type":"WebPage","@id":"https:\/\/fascialtrainingschool.com\/en\/courses\/free-fascial-real-emotion-en\/25-26-mars-2023-neuro-fascia-special-event\/","url":"https:\/\/fascialtrainingschool.com\/en\/courses\/free-fascial-real-emotion-en\/25-26-mars-2023-neuro-fascia-special-event\/","name":"25-26 Mars 2023 Neuro Fascia Special Event - Fascial Training School","isPartOf":{"@id":"https:\/\/fascialtrainingschool.com\/en\/#website"},"datePublished":"2022-09-13T12:47:33+00:00","dateModified":"2023-04-26T12:42:36+00:00","description":"25-26 Mars 2023 Neuro Fascia Special Event","breadcrumb":{"@id":"https:\/\/fascialtrainingschool.com\/en\/courses\/free-fascial-real-emotion-en\/25-26-mars-2023-neuro-fascia-special-event\/#breadcrumb"},"inLanguage":"en-US","potentialAction":[{"@type":"ReadAction","target":["https:\/\/fascialtrainingschool.com\/en\/courses\/free-fascial-real-emotion-en\/25-26-mars-2023-neuro-fascia-special-event\/"]}]},{"@type":"BreadcrumbList","@id":"https:\/\/fascialtrainingschool.com\/en\/courses\/free-fascial-real-emotion-en\/25-26-mars-2023-neuro-fascia-special-event\/#breadcrumb","itemListElement":[{"@type":"ListItem","position":1,"name":"Home","item":"https:\/\/fascialtrainingschool.com\/en\/"},{"@type":"ListItem","position":2,"name":"Buy courses","item":"https:\/\/fascialtrainingschool.com\/en\/shop-courses\/"},{"@type":"ListItem","position":3,"name":"25-26 Mars 2023 Neuro Fascia Special Event"}]},{"@type":"WebSite","@id":"https:\/\/fascialtrainingschool.com\/en\/#website","url":"https:\/\/fascialtrainingschool.com\/en\/","name":"Fascial Training School","description":"Fascial Training School","publisher":{"@id":"https:\/\/fascialtrainingschool.com\/en\/#organization"},"potentialAction":[{"@type":"SearchAction","target":{"@type":"EntryPoint","urlTemplate":"https:\/\/fascialtrainingschool.com\/en\/?s={search_term_string}"},"query-input":"required name=search_term_string"}],"inLanguage":"en-US"},{"@type":"Organization","@id":"https:\/\/fascialtrainingschool.com\/en\/#organization","name":"Fascial Training School","url":"https:\/\/fascialtrainingschool.com\/en\/","logo":{"@type":"ImageObject","inLanguage":"en-US","@id":"https:\/\/fascialtrainingschool.com\/en\/#\/schema\/logo\/image\/","url":"http:\/\/fascialtrainingschool.com\/wp-content\/uploads\/2020\/07\/logo.png","contentUrl":"http:\/\/fascialtrainingschool.com\/wp-content\/uploads\/2020\/07\/logo.png","width":670,"height":677,"caption":"Fascial Training School"},"image":{"@id":"https:\/\/fascialtrainingschool.com\/en\/#\/schema\/logo\/image\/"},"sameAs":["https:\/\/www.instagram.com\/esteralbini\/","https:\/\/www.youtube.com\/user\/esteralbini","https:\/\/www.facebook.com\/PilatesFREE\/"]}]}},"_links":{"self":[{"href":"https:\/\/fascialtrainingschool.com\/en\/wp-json\/wp\/v2\/product\/80045"}],"collection":[{"href":"https:\/\/fascialtrainingschool.com\/en\/wp-json\/wp\/v2\/product"}],"about":[{"href":"https:\/\/fascialtrainingschool.com\/en\/wp-json\/wp\/v2\/types\/product"}],"wp:featuredmedia":[{"embeddable":true,"href":"https:\/\/fascialtrainingschool.com\/en\/wp-json\/wp\/v2\/media\/80048"}],"wp:attachment":[{"href":"https:\/\/fascialtrainingschool.com\/en\/wp-json\/wp\/v2\/media?parent=80045"}],"wp:term":[{"taxonomy":"product_cat","embeddable":true,"href":"https:\/\/fascialtrainingschool.com\/en\/wp-json\/wp\/v2\/product_cat?post=80045"},{"taxonomy":"product_tag","embeddable":true,"href":"https:\/\/fascialtrainingschool.com\/en\/wp-json\/wp\/v2\/product_tag?post=80045"}],"curies":[{"name":"wp","href":"https:\/\/api.w.org\/{rel}","templated":true}]}}